{"id":4158,"date":"2018-05-22T08:59:41","date_gmt":"2018-05-22T06:59:41","guid":{"rendered":"https:\/\/metelka.cz\/informace-ke-zpracovani-osobnich-udaju\/"},"modified":"2020-02-05T14:56:36","modified_gmt":"2020-02-05T13:56:36","slug":"informace-ke-zpracovani-osobnich-udaju","status":"publish","type":"page","link":"https:\/\/metelka.cz\/es\/informace-ke-zpracovani-osobnich-udaju\/","title":{"rendered":"Informaci\u00f3n sobre el procesamiento de datos personales"},"content":{"rendered":"<h3><span style=\"font-size: 100%;\"><strong>Informaci\u00f3n sobre el procesamiento de datos personales<\/strong><\/span><\/h3>\n<p>Por medio del presente documento, se informa a los clientes de la empresa Milan METELKA a.s., CIF: 29182867, con domicilio social en \u010d.p. 723, 683 04 Drnovice, incorporada al Registro Mercantil del Tribunal Regional de Brno, expediente<strong> B 5943,<\/strong> sobre sus derechos relacionados con el procesamiento de datos personales, conforme al Reglamento UE 2016\/679 del Parlamento Europeo y del Consejo. La intenci\u00f3n de la empresa es informar los datos personales de personas naturales procesados en la prestaci\u00f3n de servicios, la venta de productos (incluso en la tienda electr\u00f3nica) y al visitar el sitio web de la empresa, y al contactar a clientes potenciales; con qu\u00e9 fines y por cu\u00e1nto tiempo se procesan dichos datos, conforme a la normativa; a qui\u00e9nes y por qu\u00e9 motivos pueden ser los datos transferidos; e informar tambi\u00e9n sobre los derechos de las personas naturales en relaci\u00f3n con el procesamiento de los mencionados datos. Se ruega al cliente tenga a bien leer la siguiente informaci\u00f3n.<\/p>\n<p>La presente informaci\u00f3n es v\u00e1lida a partir del 25 de mayo de 2018 y se emite conforme al Reglamento UE 2016\/679 (en adelante, el \u201creglamento\u201d o \u201cRGPD\u201d) a fin de cumplir con el deber de informaci\u00f3n en car\u00e1cter de administrador, conforme al Art. 13 del RGPD.<\/p>\n<p><strong>Administrador de datos del cliente<\/strong><\/p>\n<p>El administrador de los datos del cliente es la empresa Milan METELKA a.s., CIF: 29182867, con domicilio social en \u010d.p. 723, 683 04 Drnovice, incorporada al Registro Mercantil del Tribunal Regional de Brno, expediente <strong>B 5943<\/strong> (en adelante el \u201cadministrador\u201d). El administrador re\u00fane los datos del cliente, dispone de ellos y es responsable de su procesamiento correcto y conforme a la ley. Ante el administrador el cliente puede ejercer sus derechos de la siguiente manera.<\/p>\n<p>&nbsp;<\/p>\n<p><span style=\"text-decoration: underline;\"><strong>Categor\u00eda de dato personal<\/strong><\/span><\/p>\n<p><strong>1. Datos b\u00e1sicos de identificaci\u00f3n<\/strong><\/p>\n<p>a) nombre y apellido, nombre de la empresa<br \/>\nb) CIF, IVA<br \/>\nc) direcci\u00f3n de facturaci\u00f3n y de entrega<br \/>\nd) direcci\u00f3n comercial<\/p>\n<p><strong>2. Datos de contacto<\/strong><\/p>\n<p>a) n\u00famero telef\u00f3nico<br \/>\nb) correo electr\u00f3nico de contacto<br \/>\nc) nombre de usuario<br \/>\nd) contrase\u00f1a<\/p>\n<p><strong>3. Datos sobre la compra de productos<\/strong><\/p>\n<p>a) tipo y especificaci\u00f3n del producto suministrado<\/p>\n<p><strong>4. Datos de la comunicaci\u00f3n mutua<\/strong><\/p>\n<p>Si el cumplimiento de un contrato requiriese la comunicaci\u00f3n mutua, por ejemplo, a los efectos de verificar algunos datos, dicha comunicaci\u00f3n podr\u00e1 ser escrita, telef\u00f3nica o electr\u00f3nica, y podr\u00e1 llevarse un registro de la misma.<\/p>\n<p>&nbsp;<\/p>\n<p><span style=\"text-decoration: underline;\"><strong>Raz\u00f3n legal, prop\u00f3sito y tiempo de procesamiento<\/strong><\/span><\/p>\n<p>El alcance de los datos procesados depender\u00e1 de su prop\u00f3sito. Para las actividades arriba mencionadas, los datos personales se procesan solo en el alcance necesario para cumplir con dichas actividades y por el tiempo establecido por la normativa legal.<\/p>\n<p><strong>1. Procesamiento de datos por motivos contractuales<\/strong><\/p>\n<p>Los datos personales se procesan a los efectos de celebrar el contrato con el cliente, administrar dicho contrato o enmendarlo, para tratar con el cliente la firma o enmienda de un contrato celebrado a sugerencia del interesado.<\/p>\n<p>\u2022 preparaci\u00f3n de la documentaci\u00f3n contractual<br \/>\n\u2022 entrega de productos pedidos<br \/>\n\u2022 verificaci\u00f3n de los datos entregados por el cliente<\/p>\n<p>En el caso de la ejecuci\u00f3n de un contrato por parte de un interesado, los datos personales procesados abarcan: datos personales b\u00e1sicos, datos de identificaci\u00f3n y datos de contacto, al igual que los datos sobre la naturaleza de los servicios prestados y la comunicaci\u00f3n mutua, todo por un periodo de 4 a\u00f1os a partir de la finalizaci\u00f3n del \u00faltimo contrato.<\/p>\n<p>Si solo se tratase de las negociaciones de un contrato sin que este sea celebrado, los datos personales se procesan por un periodo de 3 meses a partir de la fecha de finalizaci\u00f3n de las negociaciones.<\/p>\n<p><strong>2. Procesamiento de datos debido a obligaciones legales<\/strong><\/p>\n<p>\u2022 cumplimiento de obligaciones fiscales<br \/>\n\u2022 prop\u00f3sitos establecidos por leyes especiales debido a procedimientos penales y para el cumplimiento del deber de cooperaci\u00f3n con la Polic\u00eda de la Rep\u00fablica Checa y otras autoridades estatales (cumplimiento de obligaciones legales)<\/p>\n<p>Para prop\u00f3sitos fiscales, los contratos se archivan por 10 a\u00f1os.<\/p>\n<p><strong>3. Procesamiento de datos debido al inter\u00e9s leg\u00edtimo del administrador<\/strong><\/p>\n<p>\u2022 cobro de deudas, disputas<br \/>\n\u2022 proporcionar evidencia en caso de defender los derechos del administrador<br \/>\n\u2022 registro de deudas pendientes y deudores<\/p>\n<p>En caso de disputas y deudas, los datos personales procesados abarcan: datos personales b\u00e1sicos, datos de identificaci\u00f3n y datos de contacto, al igual que los datos sobre la naturaleza de los servicios prestados y las comunicaciones mutuas hasta se haya resuelto la disputa o se hayan cobrado las deudas.<\/p>\n<p>&nbsp;<\/p>\n<p><span style=\"text-decoration: underline;\"><strong>Procesamiento de datos personales en base a consentimiento a partir del 25 de mayo de 2018<\/strong><\/span><\/p>\n<p>Los datos personales del cliente podr\u00e1n ser procesados tambi\u00e9n para fines comerciales y de marketing solo de manera excepcional y con el consentimiento del cliente v\u00e1lido a partir del 25 de mayo de 2018. Dicho consentimiento debe ser otorgado mediante un documento independiente. El prop\u00f3sito del procesamiento de datos para fines comerciales y de marketing es la generaci\u00f3n de ofertas adecuadas de los servicios del administrador o los servicios de terceros. Los datos procesados en base al mencionado consentimiento para fines comerciales abarcan: nombre y apellido, nombre de la empresa, CIF, IVA, direcci\u00f3n de facturaci\u00f3n, direcci\u00f3n de entrega, direcci\u00f3n comercial, correo electr\u00f3nico de contacto, tel\u00e9fono de contacto, informaci\u00f3n sobre los productos y sus especificaciones.<\/p>\n<p>El otorgamiento del consentimiento para fines comerciales y de marketing significa el consentimiento para el env\u00edo de publicidad electr\u00f3nica, escrita o telef\u00f3nica.<\/p>\n<p>El consentimiento es totalmente voluntario y puede ser retirado en cualquier momento. Si no es retirado, el consentimiento se mantendr\u00e1 vigente por 4 a\u00f1os a partir de la finalizaci\u00f3n del \u00faltimo contrato o hasta el momento en que sea retirado.<\/p>\n<p>El retiro del consentimiento para fines comerciales y de marketing no afectar\u00e1 al procesamiento de datos personales para otros fines (cumplimiento de contrato, cumplimiento de obligaciones legales o los intereses leg\u00edtimos de la empresa).<\/p>\n<p>&nbsp;<\/p>\n<p><span style=\"text-decoration: underline;\"><strong>Cookies<\/strong><\/span><\/p>\n<p>Si el cliente tiene habilitadas cookies en su navegador de internet, se procesar\u00e1n registros de su comportamiento mediante las cookies de los sitios web operados por la empresa con el fin de mejorar su funcionamiento. Si el cliente ha habilitado las cookies en su navegador, las puede limitar o deshabilitar directamente en el mismo.<\/p>\n<p>&nbsp;<\/p>\n<p><span style=\"text-decoration: underline;\"><strong>Qui\u00e9n tiene acceso a los datos del cliente (categor\u00eda de destinatario)<\/strong><\/span><\/p>\n<p>Para poder prestar los servicios de una manera plena y adecuada, cumplir con las obligaciones legales y proteger los intereses leg\u00edtimos del administrador, los datos personales son accesibles tambi\u00e9n a terceros. Si fuese necesario para lograr cualquiera de los prop\u00f3sitos enumerados anteriormente, especialmente si la entidad externa tiene la profesionalidad y experiencia necesarias, los datos personales del cliente pueden ser procesados por distribuidores y proveedores cooperantes. Si dichas entidades procesan datos personales transferidos por el administrador, tendr\u00e1n el car\u00e1cter de administrador de datos personales y procesar\u00e1n dichos datos solo bajo las instrucciones del administrador y no los podr\u00e1n emplear de otro modo. Se trata principalmente de prestadores de servicios TI, estudios contables, empresas de transporte y de cobro de deudas, servicios de archivo, estudios de abogados, servicios de impresi\u00f3n y postales, incluyendo a repartidores, y otras personas que prestan servicios a al administrador y con quienes del administrador haya celebrado los contratos pertinentes a fin de proteger los datos personales del cliente.<\/p>\n<p>Algunas autoridades p\u00fablicas y otras organizaciones tienen derecho a solicitar informaci\u00f3n sobre el cliente. Estas son principalmente las Autoridad Checa de Inspecci\u00f3n de Comercio, los tribunales y la Polic\u00eda de la Rep\u00fablica Checa. Los datos son proporcionados \u00fanicamente si dichas entidades tienen derecho a solicitarlos y se los permite la ley.<\/p>\n<p>&nbsp;<\/p>\n<p><span style=\"text-decoration: underline;\"><strong>Derechos del cliente en relaci\u00f3n con sus datos<\/strong><\/span><\/p>\n<p>\u2022 Derecho informaci\u00f3n sobre el procesamiento de datos personales. El Cliente tiene derecho a conocer y recibir informaci\u00f3n sobre qui\u00e9n es el administrador, su representante, a conocer al oficial de protecci\u00f3n de datos personales, a saber el prop\u00f3sito del procesamiento y las categor\u00edas de los datos procesados, a conocer a los destinatarios o las categor\u00edas de destinatarios de datos personales, a informaci\u00f3n sobre la transferencia de datos personales a terceros pa\u00edses, a conocer el tiempo por el que los datos personales son archivados y al administrador autorizado. El cliente tambi\u00e9n tiene derecho a saber que puede acudir a la Oficina de Protecci\u00f3n de Datos Personales, a conocer la fuente de los datos procesados y a saber si existe y c\u00f3mo funciona la decisi\u00f3n y perfilados autom\u00e1ticos.<br \/>\n\u2022 Derecho a acceder a los datos personales, lo cual incluye saber y confirmar que los datos personales son o no procesados y, sin son procesados, tiene derecho a acceder a la informaci\u00f3n relativa al prop\u00f3sito del procesamiento, las categor\u00edas de los datos personales afectados, los destinatarios o categor\u00edas de destinatarios, el tiempo por el que los datos personales son archivados, la informaci\u00f3n sobre sus derechos, al derecho a presentar una queja ante la Oficina de Protecci\u00f3n de Datos Personales, informaci\u00f3n sobre si existe y c\u00f3mo funciona la decisi\u00f3n y perfilados autom\u00e1ticos, informaci\u00f3n y garant\u00edas en casos de transferencia de datos personales a terceros pa\u00edses u organizaciones internacionales. Derecho a recibir copias de los datos personales procesados.<br \/>\n\u2022 Derecho a corregir los datos personales si el cliente encuentra que no son actuales, correctos o de otro modo err\u00f3neos. En tal caso, puede solicitar la correcci\u00f3n a la empresa, que la realizar\u00e1.<br \/>\nDerecho a borrar sus datos personales. En ciertos casos, el administrador tiene la obligaci\u00f3n de borrar los datos personales a instrucci\u00f3n del cliente. El administrador evaluar\u00e1 cada una de estas solicitudes y si determinase que el procesamiento es necesario para alguno de los prop\u00f3sitos establecidos por ley, conforme a la normativa informar\u00e1 a cliente junto con la instrucci\u00f3n de que puede presentar una queja contra dicho proceder ante la Oficina de Protecci\u00f3n de Datos Personales.<br \/>\n\u2022 Derecho a limitar el procesamiento de sus datos personales. Si el administrador procesa con el consentimiento del cliente sus datos personales m\u00e1s all\u00e1 del cumplimiento de un contrato o de motivos legales, el cliente tiene derecho a solicitar que se limite dicho procesamiento solo a los m\u00e1s estrictos motivos legales o a bloquear algunos datos personales.<br \/>\n\u2022 Derecho ser notificado de la correcci\u00f3n, borrado o limitaci\u00f3n del procesamiento. En caso de correcci\u00f3n, borrado o limitaci\u00f3n del procesamiento de sus datos personales, el cliente tiene derecho a ser notificado de la ejecuci\u00f3n de dichas actividades.<br \/>\n\u2022 Derecho a la portabilidad de los datos. Si el cliente desea que sus datos personales sean proporcionados a otro administrador o empresa, estos ser\u00e1n entregados a tal entidad en un formato adecuado.<br \/>\n\u2022 Derecho a reclamo. Si el cliente sospechase o determinase que el procesamiento de sus datos personales es realizado en violaci\u00f3n a la protecci\u00f3n de su vida personal y privado, o de la normativa, podr\u00e1 solicitar al administrador una explicaci\u00f3n o que se remedie la situaci\u00f3n defectuosa. Dicho reclamo se puede presentar tambi\u00e9n contra la decisi\u00f3n autom\u00e1tica.<br \/>\n\u2022 Derecho a retirar el consentimiento con el procesamiento de datos personales. El consentimiento otorgado para fines comerciales o de marketing puede ser retirado en cualquier momento, ya sea de manera telef\u00f3nica o por correo electr\u00f3nico a la direcci\u00f3n de la empresa.<br \/>\n\u2022 Si el cliente ha habilitado las cookies en su navegador, las puede limitar o deshabilitar directamente en el mismo.<br \/>\n\u2022 Derecho a presentar una queja ante la Oficina de Protecci\u00f3n de Datos Personales. El cliente tiene derecho a dirigirse y presentar sus quejas ante a la autoridad supervisora en lo que respecta al procesamiento de datos personales, la Oficina de Protecci\u00f3n de Datos Personales con sede en Pplk. Sochora 27, 170 00 Praga 7, tel: 234 665 111, www.uoou.cz\/.<\/p>\n<p>Pol\u00edtica de privacidad:<\/p>\n<p>Para una provisi\u00f3n exhaustiva de informaci\u00f3n, se presenta a continuaci\u00f3n la normativa que rige el tema del procesamiento de datos personales.<\/p>\n<p>\u2022 Ley 480\/2004, Sobre determinados servicios de la empresas de informaci\u00f3n<br \/>\n\u2022 Ley 89\/2012, el C\u00f3digo Civil<br \/>\n\u2022 Reglamento 216\/679\/UE, sobre la protecci\u00f3n de datos personales (RGPD)<br \/>\n\u2022 Ley 563\/1991, de Contabilidad<br \/>\n\u2022 Ley 101\/2000, de Protecci\u00f3n de Datos Personales<br \/>\n\u2022 Ley 235\/2004, del Impuesto al Valor Agregado<\/p>\n<p>&nbsp;<\/p>\n","protected":false},"excerpt":{"rendered":"<p>Informaci\u00f3n sobre el procesamiento de datos personales Por medio del presente documento, se informa a los clientes de la empresa Milan METELKA a.s., CIF: 29182867, con domicilio social en \u010d.p. 723, 683 04 Drnovice, incorporada al Registro Mercantil del Tribunal Regional de Brno, expediente B 5943, sobre sus derechos relacionados con el procesamiento de datos..<\/p>\n","protected":false},"author":1,"featured_media":0,"parent":0,"menu_order":999,"comment_status":"closed","ping_status":"closed","template":"","meta":[],"aioseo_notices":[],"_links":{"self":[{"href":"https:\/\/metelka.cz\/es\/wp-json\/wp\/v2\/pages\/4158"}],"collection":[{"href":"https:\/\/metelka.cz\/es\/wp-json\/wp\/v2\/pages"}],"about":[{"href":"https:\/\/metelka.cz\/es\/wp-json\/wp\/v2\/types\/page"}],"author":[{"embeddable":true,"href":"https:\/\/metelka.cz\/es\/wp-json\/wp\/v2\/users\/1"}],"replies":[{"embeddable":true,"href":"https:\/\/metelka.cz\/es\/wp-json\/wp\/v2\/comments?post=4158"}],"version-history":[{"count":5,"href":"https:\/\/metelka.cz\/es\/wp-json\/wp\/v2\/pages\/4158\/revisions"}],"predecessor-version":[{"id":4160,"href":"https:\/\/metelka.cz\/es\/wp-json\/wp\/v2\/pages\/4158\/revisions\/4160"}],"wp:attachment":[{"href":"https:\/\/metelka.cz\/es\/wp-json\/wp\/v2\/media?parent=4158"}],"curies":[{"name":"wp","href":"https:\/\/api.w.org\/{rel}","templated":true}]}}