{"id":3935,"date":"2016-04-01T10:26:25","date_gmt":"2016-04-01T08:26:25","guid":{"rendered":"https:\/\/metelka.cz\/likerka\/"},"modified":"2020-02-19T10:21:59","modified_gmt":"2020-02-19T09:21:59","slug":"destileria","status":"publish","type":"page","link":"https:\/\/metelka.cz\/es\/destileria\/","title":{"rendered":"Destiler\u00eda"},"content":{"rendered":"<h4 class=\"em\"><strong>Perfil<\/strong><\/h4>\n<p>&nbsp;<\/p>\n<p class=\"desc\"><em>Licorer\u00eda tradicional familiar<\/em><\/p>\n<p><span style=\"font-size: 120%;\">La producci\u00f3n de licores y destilados en la familia de Anton\u00edn Metelka comenz\u00f3 en 1934, en Vy\u0161kov, Moravia del Sur. En cada \u00e1mbito de la actividad humana, la tradici\u00f3n es un par\u00e1metro importante para evaluar el valor. En el caso de la producci\u00f3n de licores y destilados de Milan Metelka, se trata de una tradici\u00f3n verdadera heredada de padre a hijo. La buena tradici\u00f3n es la primera de las fortalezas de este licor de un pueblo remoto cerca de Vy\u0161kov en Moravia. La siguiente es la calidad. Los licores no se fabrican en todos lados de ingredientes de alta calidad. Pero para el se\u00f1or Metelka, esto es un hecho que se nota en el sabor. La tercera fortaleza de la empresa es su actitud hacia los clientes. Los empleados de la empresa mejoran constantemente sus productos, no solo en lo que respecta a la calidad, sino tambi\u00e9n al dise\u00f1o del producto final, que lleva el logotipo de la empresa Milan Metelka, licorer\u00eda tradicional familiar de Moravia.<\/span><\/p>\n<hr \/>\n<h4 class=\"em\">Servicios<\/h4>\n<p>&nbsp;<\/p>\n<p class=\"desc\"><em>Lista de lo que sabemos y producimos<\/em><\/p>\n<ul>\n<li><span style=\"font-size: 120%;\">Desarrollo de recetas de licores y destilados con m\u00e1s de 80 a\u00f1os de tradici\u00f3n.<\/span><\/li>\n<li><span style=\"font-size: 120%;\">Elaboraci\u00f3n de emulsiones de leche y huevo para licores en equipos \u00fanicos.<\/span><\/li>\n<li><span style=\"font-size: 120%;\">Potente homogenizaci\u00f3n a temperaturas de pasteurizaci\u00f3n y procedimientos tradicionales que garantizan una vida \u00fatil m\u00ednima de tres a\u00f1os.<\/span><\/li>\n<li><span style=\"font-size: 120%;\">Procesamiento de frutas, granos y destilados de ron.<\/span><\/li>\n<li><span style=\"font-size: 120%;\">Producci\u00f3n de percolados herbales para licores y otros destilados.<\/span><\/li>\n<li><span style=\"font-size: 120%;\">Producci\u00f3n de macerados de frutas para licores y otros destilados.<\/span><\/li>\n<li><span style=\"font-size: 120%;\">Filtraci\u00f3n de licores y destilados, seguido de envasado, cerrado, etiquetado, marcado y paletizado autom\u00e1ticos.<\/span><\/li>\n<li><span style=\"font-size: 120%;\">Elaboraci\u00f3n manual de licores especiales en ediciones limitadas.<\/span><\/li>\n<\/ul>\n<p><span style=\"font-size: 120%;\">Podemos ofrecer todo esto a clientes seleccionados con alta solvencia y ayudarlos a crear marcas personalizadas.<\/span><\/p>\n<hr \/>\n<h4 class=\"em\"><strong>Nuestros productos<\/strong><\/h4>\n<p>&nbsp;<\/p>\n<p class=\"desc\"><em>Estamos contentos de poder presentar un par de marcas geniales.<\/em><\/p>\n<p class=\"desc\"><em>\u00a0<\/em><\/p>\n<p><img decoding=\"async\" loading=\"lazy\" class=\"aligncenter size-large wp-image-2096\" src=\"https:\/\/metelka.cz\/wp-content\/uploads\/2016\/04\/metelka_brands-1024x310.jpg\" alt=\"\" width=\"1024\" height=\"310\" srcset=\"https:\/\/metelka.cz\/wp-content\/uploads\/2016\/04\/metelka_brands-1024x310.jpg 1024w, https:\/\/metelka.cz\/wp-content\/uploads\/2016\/04\/metelka_brands-600x181.jpg 600w, https:\/\/metelka.cz\/wp-content\/uploads\/2016\/04\/metelka_brands-300x91.jpg 300w, https:\/\/metelka.cz\/wp-content\/uploads\/2016\/04\/metelka_brands-768x232.jpg 768w, https:\/\/metelka.cz\/wp-content\/uploads\/2016\/04\/metelka_brands-1200x363.jpg 1200w, https:\/\/metelka.cz\/wp-content\/uploads\/2016\/04\/metelka_brands-700x212.jpg 700w, https:\/\/metelka.cz\/wp-content\/uploads\/2016\/04\/metelka_brands-385x116.jpg 385w, https:\/\/metelka.cz\/wp-content\/uploads\/2016\/04\/metelka_brands.jpg 1310w\" sizes=\"(max-width: 1024px) 100vw, 1024px\" \/><\/p>\n<hr \/>\n<h4 class=\"em\">Mantente en contacto con nosotros<\/h4>\n<p>&nbsp;<\/p>\n<p class=\"desc\"><em>Compru\u00e9balo t\u00fa mismo, experiencia personal.<\/em><\/p>\n<p><strong>Milan METELKA a.s. <\/strong>\u010d. p. 723, 68304 Drnovice \u010cesk\u00e1 republika +420 736 488 528 <a href=\"mailto:metelka@metelka.cz\">metelka@metelka.cz<\/a> I\u010c 29182867 DI\u010c CZ29182867 <strong>Plante en Vizovice <\/strong>Razov 472, 76312 Vizovice \u010cesk\u00e1 republika +420 736 488 528 <a href=\"mailto:vyroba@metelka.cz\">vyroba@metelka.cz<\/a> <strong>Metelka Liquor Shop <\/strong>ul. Dobrovsk\u00e9ho, Vy\u0161kov \u010cesk\u00e1 republika +420 736 488 529 <a href=\"mailto:zelova@metelka.cz\">zelova@metelka.cz<\/a><\/p>\n<hr \/>\n","protected":false},"excerpt":{"rendered":"<p>Perfil &nbsp; Licorer\u00eda tradicional familiar La producci\u00f3n de licores y destilados en la familia de Anton\u00edn Metelka comenz\u00f3 en 1934, en Vy\u0161kov, Moravia del Sur. En cada \u00e1mbito de la actividad humana, la tradici\u00f3n es un par\u00e1metro importante para evaluar el valor. En el caso de la producci\u00f3n de licores y destilados de Milan Metelka,..<\/p>\n","protected":false},"author":1,"featured_media":0,"parent":0,"menu_order":0,"comment_status":"closed","ping_status":"closed","template":"page-templates\/page-builder.php","meta":[],"aioseo_notices":[],"_links":{"self":[{"href":"https:\/\/metelka.cz\/es\/wp-json\/wp\/v2\/pages\/3935"}],"collection":[{"href":"https:\/\/metelka.cz\/es\/wp-json\/wp\/v2\/pages"}],"about":[{"href":"https:\/\/metelka.cz\/es\/wp-json\/wp\/v2\/types\/page"}],"author":[{"embeddable":true,"href":"https:\/\/metelka.cz\/es\/wp-json\/wp\/v2\/users\/1"}],"replies":[{"embeddable":true,"href":"https:\/\/metelka.cz\/es\/wp-json\/wp\/v2\/comments?post=3935"}],"version-history":[{"count":6,"href":"https:\/\/metelka.cz\/es\/wp-json\/wp\/v2\/pages\/3935\/revisions"}],"predecessor-version":[{"id":4358,"href":"https:\/\/metelka.cz\/es\/wp-json\/wp\/v2\/pages\/3935\/revisions\/4358"}],"wp:attachment":[{"href":"https:\/\/metelka.cz\/es\/wp-json\/wp\/v2\/media?parent=3935"}],"curies":[{"name":"wp","href":"https:\/\/api.w.org\/{rel}","templated":true}]}}